{"id":14,"date":"2018-05-23T12:12:00","date_gmt":"2018-05-23T10:12:00","guid":{"rendered":"http:\/\/egmeti.com\/?page_id=14"},"modified":"2024-10-23T16:33:45","modified_gmt":"2024-10-23T14:33:45","slug":"one-page-express","status":"publish","type":"page","link":"https:\/\/egmeti.com\/","title":{"rendered":"BIENVENUE"},"content":{"rendered":"\n<div style=\"height:22px\" aria-hidden=\"true\" class=\"wp-block-spacer\"><\/div>\n\n\n\n<p class=\"has-text-align-center\" style=\"font-size:25px\"><strong>Notre objectif<\/strong> :<\/p>\n\n\n\n<p class=\"has-text-align-center\" style=\"font-size:25px\">Am\u00e9liorer la sant\u00e9 des populations et soutenir les pratiques professionnelles. <\/p>\n\n\n\n<div class=\"wp-block-columns is-layout-flex wp-container-core-columns-is-layout-1 wp-block-columns-is-layout-flex\">\n<div class=\"wp-block-column is-vertically-aligned-center is-layout-flow wp-block-column-is-layout-flow\" style=\"flex-basis:100%\">\n<p class=\"has-text-align-center\">Coordonner des projets en sant\u00e9<\/p>\n\n\n\n<p class=\"has-text-align-center\">Concevoir et d\u00e9ployer des solutions p\u00e9rennes<\/p>\n\n\n\n<p class=\"has-text-align-center\">Encourager l&rsquo;\u00e9conomie sociale et solidaire<\/p>\n<\/div>\n<\/div>\n\n\n\n<div style=\"height:92px\" aria-hidden=\"true\" class=\"wp-block-spacer\"><\/div>\n\n\n\n<h2 class=\"wp-block-heading has-text-align-center\">EXPLORER<\/h2>\n\n\n\n<div style=\"height:32px\" aria-hidden=\"true\" class=\"wp-block-spacer\"><\/div>\n\n\n\n<div class=\"wp-block-buttons is-content-justification-center is-layout-flex wp-container-core-buttons-is-layout-1 wp-block-buttons-is-layout-flex\">\n<div class=\"wp-block-button\"><a class=\"wp-block-button__link has-black-color has-luminous-vivid-amber-background-color has-text-color has-background wp-element-button\" href=\"https:\/\/egmeti.com\/?page_id=164\" rel=\"\"><span class=\"has-inline-color has-white-color\">Chariot de cognition<\/span><\/a><\/div>\n\n\n\n<div class=\"wp-block-button is-style-fill\"><a class=\"wp-block-button__link has-luminous-vivid-amber-background-color has-background wp-element-button\" href=\"https:\/\/egmeti.com\/?page_id=174\"><span class=\"has-inline-color has-white-color\">Circuit d&rsquo;Aide \u00e0 la R\u00e9adaptation<\/span><\/a><\/div>\n<\/div>\n\n\n\n<div style=\"height:92px\" aria-hidden=\"true\" class=\"wp-block-spacer\"><\/div>\n\n\n\n<h2 class=\"wp-block-heading has-text-align-center\">NEWS<\/h2>\n\n\n\n<div style=\"height:30px\" aria-hidden=\"true\" class=\"wp-block-spacer\"><\/div>\n\n\n\n<div class=\"wp-block-buttons is-content-justification-center is-layout-flex wp-container-core-buttons-is-layout-2 wp-block-buttons-is-layout-flex\">\n<div class=\"wp-block-button\"><a class=\"wp-block-button__link has-luminous-vivid-orange-background-color has-background wp-element-button\">Actualit\u00e9s<\/a><\/div>\n\n\n\n<div class=\"wp-block-button is-style-fill\"><a class=\"wp-block-button__link has-luminous-vivid-orange-background-color has-background wp-element-button\" href=\"https:\/\/egmeti.com\/?page_id=274\">Partenaires<\/a><\/div>\n<\/div>\n\n\n\n<div style=\"height:30px\" aria-hidden=\"true\" class=\"wp-block-spacer\"><\/div>\n\n\n\n<h2 class=\"wp-block-heading has-text-align-center\">CONTACT<\/h2>\n\n\n\n<div style=\"height:92px\" aria-hidden=\"true\" class=\"wp-block-spacer\"><\/div>\n\n\n\n<p class=\"has-text-align-center has-luminous-vivid-amber-background-color has-text-color has-background\" style=\"color:#0827a4\">Thomas Zielinski<br><a href=\"mailto:thomas.zielinski@egmeti.com\" data-type=\"mailto\" data-id=\"mailto:thomas.zielinski@egmeti.com\">thomas.zielinski@egmeti.com<\/a><br>+33 06 29 56 38 89<br><br>AURA<br>191 rue Nicolas Chervin <br>69620 Val d&rsquo;Oingt<br><br>PACA<br>Les chalets de Puy SAINT VINCENT C<br>84 Rue des Chalets <br>05290 Puy-Saint-Vincent<\/p>\n\n\n\n<div class=\"wp-block-buttons is-layout-flex wp-block-buttons-is-layout-flex\">\n<div class=\"wp-block-button\"><a class=\"wp-block-button__link wp-element-button\" href=\"https:\/\/egmeti.com\/?page_id=286\">Mentions l\u00e9gales et RGPD<\/a><\/div>\n<\/div>\n","protected":false},"excerpt":{"rendered":"<p>Notre objectif : Am\u00e9liorer la sant\u00e9 des populations et soutenir les pratiques professionnelles. Coordonner des projets en sant\u00e9 Concevoir et d\u00e9ployer des solutions p\u00e9rennes Encourager l&rsquo;\u00e9conomie sociale et solidaire EXPLORER NEWS CONTACT Thomas Zielinskithomas.zielinski@egmeti.com+33 06 29 56 38 89 AURA191 rue Nicolas Chervin 69620 Val d&rsquo;Oingt PACALes chalets de Puy SAINT VINCENT C84 Rue des [&hellip;]<\/p>\n","protected":false},"author":1,"featured_media":37,"parent":0,"menu_order":0,"comment_status":"closed","ping_status":"closed","template":"elementor_header_footer","meta":{"footnotes":""},"class_list":["post-14","page","type-page","status-publish","has-post-thumbnail","hentry"],"_links":{"self":[{"href":"https:\/\/egmeti.com\/index.php?rest_route=\/wp\/v2\/pages\/14"}],"collection":[{"href":"https:\/\/egmeti.com\/index.php?rest_route=\/wp\/v2\/pages"}],"about":[{"href":"https:\/\/egmeti.com\/index.php?rest_route=\/wp\/v2\/types\/page"}],"author":[{"embeddable":true,"href":"https:\/\/egmeti.com\/index.php?rest_route=\/wp\/v2\/users\/1"}],"replies":[{"embeddable":true,"href":"https:\/\/egmeti.com\/index.php?rest_route=%2Fwp%2Fv2%2Fcomments&post=14"}],"version-history":[{"count":80,"href":"https:\/\/egmeti.com\/index.php?rest_route=\/wp\/v2\/pages\/14\/revisions"}],"predecessor-version":[{"id":293,"href":"https:\/\/egmeti.com\/index.php?rest_route=\/wp\/v2\/pages\/14\/revisions\/293"}],"wp:featuredmedia":[{"embeddable":true,"href":"https:\/\/egmeti.com\/index.php?rest_route=\/wp\/v2\/media\/37"}],"wp:attachment":[{"href":"https:\/\/egmeti.com\/index.php?rest_route=%2Fwp%2Fv2%2Fmedia&parent=14"}],"curies":[{"name":"wp","href":"https:\/\/api.w.org\/{rel}","templated":true}]}}