{"id":164,"date":"2021-02-26T11:43:04","date_gmt":"2021-02-26T10:43:04","guid":{"rendered":"http:\/\/egmeti.com\/?page_id=164"},"modified":"2021-03-02T19:57:02","modified_gmt":"2021-03-02T18:57:02","slug":"chariot-de-cognition","status":"publish","type":"page","link":"https:\/\/egmeti.com\/?page_id=164","title":{"rendered":"CHARIOT DE COGNITION"},"content":{"rendered":"\n<div class=\"wp-block-image\"><figure class=\"aligncenter size-full\"><img fetchpriority=\"high\" decoding=\"async\" width=\"960\" height=\"1200\" src=\"https:\/\/egmeti.com\/wp-content\/uploads\/2021\/02\/Chariot_cognition.gif\" alt=\"\" class=\"wp-image-165\"\/><\/figure><\/div>\n\n\n\n<div style=\"height:100px\" aria-hidden=\"true\" class=\"wp-block-spacer\"><\/div>\n\n\n\n<h2 class=\"has-text-align-center wp-block-heading\">QU&rsquo;EST-CE-QUE-C&rsquo;EST ?<\/h2>\n\n\n\n<div style=\"height:80px\" aria-hidden=\"true\" class=\"wp-block-spacer\"><\/div>\n\n\n\n<p>\u00ab\u00a0Le chariot de cognition permet la pratique continue et pluridisciplinaire d&rsquo;activit\u00e9s ludiques et rapides, qui entrent dans un cadre occupationnel et de r\u00e9\u00e9ducation hors du soin. Il participe au maintien du lien social avec les patients.\u00a0\u00bb<\/p>\n\n\n\n<div style=\"height:36px\" aria-hidden=\"true\" class=\"wp-block-spacer\"><\/div>\n\n\n\n<p>\u00ab\u00a0Tous les professionnels d&rsquo;un service peuvent l&rsquo;utiliser : m\u00e9decin, personnel infirmier, aide soignant, kin\u00e9sith\u00e9rapeute, ergoth\u00e9rapeute, psychologue, animateur, cadre de sant\u00e9, etc&#8230;\u00a0\u00bb<\/p>\n\n\n\n<div style=\"height:36px\" aria-hidden=\"true\" class=\"wp-block-spacer\"><\/div>\n\n\n\n<p>\u00ab\u00a0Il regroupe le mat\u00e9riel et les fournitures permettant la pratique d&rsquo;une trentaine de jeux et activit\u00e9s. Ces activit\u00e9s vont de 5 \u00e0 30 minutes : installation et rangement compris. <br>Le chariot est d&rsquo;ailleurs lui-m\u00eame une activit\u00e9 : <br>&#8211; 3 jeux sur la fa\u00e7ade arri\u00e8re<br>&#8211; 1 calendrier perp\u00e9tuel sur la fa\u00e7ade avant <br>&#8211; Le dessus du du chariot sert de plateau de jeu.\u00a0\u00bb<\/p>\n\n\n\n<div style=\"height:36px\" aria-hidden=\"true\" class=\"wp-block-spacer\"><\/div>\n\n\n\n<figure class=\"wp-block-pullquote alignwide has-background has-luminous-vivid-amber-background-color is-style-solid-color\"><blockquote class=\"has-text-color has-white-color\"><p><span style=\"color:#0018a3\" class=\"has-inline-color\">Made<\/span><span class=\"has-inline-color has-vivid-cyan-blue-color\"> <\/span><span class=\"has-inline-color has-white-color\">in<\/span><span class=\"has-inline-color has-vivid-cyan-blue-color\"> <\/span><span class=\"has-inline-color has-vivid-red-color\">France<\/span> &amp; <span style=\"color:#0018a3\" class=\"has-inline-color\">Europe<\/span><\/p><cite>Conception &amp; \u00c9quipements<\/cite><\/blockquote><\/figure>\n\n\n\n<div style=\"height:36px\" aria-hidden=\"true\" class=\"wp-block-spacer\"><\/div>\n\n\n\n<p>\u00ab\u00a0Les fiches de jeux pr\u00e9sentent les consignes, les indications sur les publics cibles, le temps et le nombre de joueurs. Des pictogrammes identifient rapidement ce que le jeu mobilise comme comp\u00e9tences chez le patient.\u00a0\u00bb<\/p>\n\n\n\n<div style=\"height:36px\" aria-hidden=\"true\" class=\"wp-block-spacer\"><\/div>\n\n\n\n<p class=\"has-text-align-center has-medium-font-size\"><strong>Nous personnalisons et adaptons le chariot aux publics cibl\u00e9s et aux pratiques professionnelles ! <\/strong><\/p>\n\n\n\n<div style=\"height:100px\" aria-hidden=\"true\" class=\"wp-block-spacer\"><\/div>\n\n\n\n<div class=\"wp-block-buttons aligncenter is-layout-flex wp-block-buttons-is-layout-flex\">\n<div class=\"wp-block-button\"><a class=\"wp-block-button__link\" href=\"mailto:thomas.zielinski@egmeti.com\"><span class=\"has-inline-color has-pale-cyan-blue-color\"><strong>COMMANDER<\/strong><\/span><\/a><\/div>\n<\/div>\n\n\n\n<div style=\"height:298px\" aria-hidden=\"true\" class=\"wp-block-spacer\"><\/div>\n","protected":false},"excerpt":{"rendered":"<p>QU&rsquo;EST-CE-QUE-C&rsquo;EST ? \u00ab\u00a0Le chariot de cognition permet la pratique continue et pluridisciplinaire d&rsquo;activit\u00e9s ludiques et rapides, qui entrent dans un cadre occupationnel et de r\u00e9\u00e9ducation hors du soin. Il participe au maintien du lien social avec les patients.\u00a0\u00bb \u00ab\u00a0Tous les professionnels d&rsquo;un service peuvent l&rsquo;utiliser : m\u00e9decin, personnel infirmier, aide soignant, kin\u00e9sith\u00e9rapeute, ergoth\u00e9rapeute, psychologue, animateur, [&hellip;]<\/p>\n","protected":false},"author":1,"featured_media":0,"parent":14,"menu_order":0,"comment_status":"closed","ping_status":"closed","template":"","meta":{"footnotes":""},"class_list":["post-164","page","type-page","status-publish","hentry"],"_links":{"self":[{"href":"https:\/\/egmeti.com\/index.php?rest_route=\/wp\/v2\/pages\/164"}],"collection":[{"href":"https:\/\/egmeti.com\/index.php?rest_route=\/wp\/v2\/pages"}],"about":[{"href":"https:\/\/egmeti.com\/index.php?rest_route=\/wp\/v2\/types\/page"}],"author":[{"embeddable":true,"href":"https:\/\/egmeti.com\/index.php?rest_route=\/wp\/v2\/users\/1"}],"replies":[{"embeddable":true,"href":"https:\/\/egmeti.com\/index.php?rest_route=%2Fwp%2Fv2%2Fcomments&post=164"}],"version-history":[{"count":15,"href":"https:\/\/egmeti.com\/index.php?rest_route=\/wp\/v2\/pages\/164\/revisions"}],"predecessor-version":[{"id":220,"href":"https:\/\/egmeti.com\/index.php?rest_route=\/wp\/v2\/pages\/164\/revisions\/220"}],"up":[{"embeddable":true,"href":"https:\/\/egmeti.com\/index.php?rest_route=\/wp\/v2\/pages\/14"}],"wp:attachment":[{"href":"https:\/\/egmeti.com\/index.php?rest_route=%2Fwp%2Fv2%2Fmedia&parent=164"}],"curies":[{"name":"wp","href":"https:\/\/api.w.org\/{rel}","templated":true}]}}