{"id":174,"date":"2021-03-02T16:36:22","date_gmt":"2021-03-02T15:36:22","guid":{"rendered":"http:\/\/egmeti.com\/?page_id=174"},"modified":"2021-05-31T11:35:40","modified_gmt":"2021-05-31T09:35:40","slug":"circuit-daide-a-la-readaptation","status":"publish","type":"page","link":"https:\/\/egmeti.com\/?page_id=174","title":{"rendered":"CIRCUIT D&rsquo;AIDE \u00c0 LA R\u00c9ADAPTATION"},"content":{"rendered":"\n<p>En 2018, au sein des services de SSR g\u00e9riatrique et SSR polyvalent de l&rsquo;H\u00f4pital Nord Ouest de Tr\u00e9voux, le service de r\u00e9\u00e9ducation s&rsquo;est \u00e9quip\u00e9 d\u2019un parcours de marche int\u00e9rieur, original, ludique et attractif ayant pour finalit\u00e9 d\u2019encourager les patients \u00e0 la pratique d\u2019une marche quotidienne orient\u00e9e vers un but concret et permettant ainsi de maintenir ou renforcer l\u2019ind\u00e9pendance fonctionnelle. <\/p>\n\n\n\n<p>Le projet est n\u00e9 sur un besoin identifi\u00e9 par Sylviane Godaert, Kin\u00e9sith\u00e9rapeute, en collaboration avec \u00c9G M\u00e9ti et DUBOURDON&amp;Cie Productions. <\/p>\n\n\n\n<figure class=\"wp-block-image size-large\"><img fetchpriority=\"high\" decoding=\"async\" width=\"768\" height=\"1024\" src=\"https:\/\/egmeti.com\/wp-content\/uploads\/2021\/05\/IMG_1931-768x1024.jpeg\" alt=\"\" class=\"wp-image-266\" srcset=\"https:\/\/egmeti.com\/wp-content\/uploads\/2021\/05\/IMG_1931-768x1024.jpeg 768w, https:\/\/egmeti.com\/wp-content\/uploads\/2021\/05\/IMG_1931-225x300.jpeg 225w, https:\/\/egmeti.com\/wp-content\/uploads\/2021\/05\/IMG_1931-1152x1536.jpeg 1152w, https:\/\/egmeti.com\/wp-content\/uploads\/2021\/05\/IMG_1931-rotated.jpeg 1200w\" sizes=\"(max-width: 768px) 100vw, 768px\" \/><\/figure>\n\n\n\n<p>Le parcours s&rsquo;apparente \u00e0 un tour du monde. Diff\u00e9rentes villes sont mat\u00e9rialis\u00e9es par des <strong>bornes \u00e9tapes<\/strong> illustr\u00e9es dans les couloirs. <\/p>\n\n\n\n<p>Chaque ville est s\u00e9par\u00e9e par une distance pr\u00e9cise, indiqu\u00e9e sur une<strong> borne m\u00e9trique fl\u00e9ch\u00e9e<\/strong>, qui invite le patient \u00e0 se rendre \u00e0 la prochaine \u00e9tape. <\/p>\n\n\n\n<p>\u00c0 chaque ville est associ\u00e9e <strong>une anecdote<\/strong>, qui permet la stimulation cognitive et l&rsquo;\u00e9change social avec le patient. <\/p>\n\n\n\n<p>Enfin, <strong>un passeport<\/strong> peut \u00eatre remis au patient, sur lequel sont notifi\u00e9s ses scores aux tests fonctionnels, ainsi qu&rsquo;un suivi des villes atteintes semaine apr\u00e8s semaine. <\/p>\n\n\n\n<div style=\"height:40px\" aria-hidden=\"true\" class=\"wp-block-spacer\"><\/div>\n\n\n\n<figure class=\"wp-block-image size-large\"><img decoding=\"async\" width=\"626\" height=\"858\" src=\"https:\/\/egmeti.com\/wp-content\/uploads\/2021\/05\/Dispositif.png\" alt=\"\" class=\"wp-image-269\" srcset=\"https:\/\/egmeti.com\/wp-content\/uploads\/2021\/05\/Dispositif.png 626w, https:\/\/egmeti.com\/wp-content\/uploads\/2021\/05\/Dispositif-219x300.png 219w\" sizes=\"(max-width: 626px) 100vw, 626px\" \/><\/figure>\n\n\n\n<div style=\"height:40px\" aria-hidden=\"true\" class=\"wp-block-spacer\"><\/div>\n\n\n\n<p>Apr\u00e8s 2 ans d&rsquo;utilisation, on observe plusieurs b\u00e9n\u00e9fices associ\u00e9s. <\/p>\n\n\n\n<div style=\"height:40px\" aria-hidden=\"true\" class=\"wp-block-spacer\"><\/div>\n\n\n\n<figure class=\"wp-block-image size-large\"><img decoding=\"async\" width=\"873\" height=\"834\" src=\"https:\/\/egmeti.com\/wp-content\/uploads\/2021\/05\/Benefices.png\" alt=\"\" class=\"wp-image-268\" srcset=\"https:\/\/egmeti.com\/wp-content\/uploads\/2021\/05\/Benefices.png 873w, https:\/\/egmeti.com\/wp-content\/uploads\/2021\/05\/Benefices-300x287.png 300w, https:\/\/egmeti.com\/wp-content\/uploads\/2021\/05\/Benefices-768x734.png 768w\" sizes=\"(max-width: 873px) 100vw, 873px\" \/><\/figure>\n\n\n\n<div style=\"height:40px\" aria-hidden=\"true\" class=\"wp-block-spacer\"><\/div>\n\n\n\n<p>Le parcours de marche \u00e9volue au gr\u00e9 des besoins et des pratiques des professionnels, ainsi que des publics pris en charge. <\/p>\n\n\n\n<p>Un nouveau dispositif sera associ\u00e9 : <strong>des exercices physiques adapt\u00e9s<\/strong> tout au long du parcours, que l&rsquo;on pourra retrouver dans le passeport et ainsi poursuivre les exercices lors du retour \u00e0 domicile ou en \u00e9tablissement.<\/p>\n\n\n\n<div style=\"height:40px\" aria-hidden=\"true\" class=\"wp-block-spacer\"><\/div>\n\n\n\n<div class=\"wp-block-buttons is-layout-flex wp-block-buttons-is-layout-flex\">\n<div class=\"wp-block-button is-style-fill\"><a class=\"wp-block-button__link has-black-color has-luminous-vivid-amber-background-color has-text-color has-background\" href=\"https:\/\/www.youtube.com\/watch?v=KWSnFpVJaCw\" target=\"_blank\" rel=\"noreferrer noopener\">Vid\u00e9o de pr\u00e9sentation<\/a><\/div>\n\n\n\n<div class=\"wp-block-button is-style-fill\"><a class=\"wp-block-button__link has-black-color has-luminous-vivid-amber-background-color has-text-color has-background\" href=\"https:\/\/prfssl.centredoc.fr\/index.php?lvl=notice_display&amp;id=55925\" target=\"_blank\" rel=\"noreferrer noopener\">Article Scientifique Post-Covid &#8211; Marine Brika \/ Dominique Molimard \/ Sylviane Godaert \/ France Mourey<\/a><\/div>\n<\/div>\n\n\n\n<div style=\"height:40px\" aria-hidden=\"true\" class=\"wp-block-spacer\"><\/div>\n\n\n\n<p class=\"has-text-align-center has-luminous-vivid-amber-color has-white-background-color has-text-color has-background\"><strong>T\u00e9l\u00e9charger la plaquette<\/strong><\/p>\n\n\n\n<div class=\"wp-block-file\"><a href=\"https:\/\/egmeti.com\/wp-content\/uploads\/2021\/05\/Depliant-C.A.R.pdf\">Depliant-C.A.R<\/a><a href=\"https:\/\/egmeti.com\/wp-content\/uploads\/2021\/05\/Depliant-C.A.R.pdf\" class=\"wp-block-file__button\" download>T\u00e9l\u00e9charger<\/a><\/div>\n\n\n\n<div style=\"height:40px\" aria-hidden=\"true\" class=\"wp-block-spacer\"><\/div>\n","protected":false},"excerpt":{"rendered":"<p>En 2018, au sein des services de SSR g\u00e9riatrique et SSR polyvalent de l&rsquo;H\u00f4pital Nord Ouest de Tr\u00e9voux, le service de r\u00e9\u00e9ducation s&rsquo;est \u00e9quip\u00e9 d\u2019un parcours de marche int\u00e9rieur, original, ludique et attractif ayant pour finalit\u00e9 d\u2019encourager les patients \u00e0 la pratique d\u2019une marche quotidienne orient\u00e9e vers un but concret et permettant ainsi de maintenir [&hellip;]<\/p>\n","protected":false},"author":1,"featured_media":0,"parent":0,"menu_order":0,"comment_status":"closed","ping_status":"closed","template":"","meta":{"footnotes":""},"class_list":["post-174","page","type-page","status-publish","hentry"],"_links":{"self":[{"href":"https:\/\/egmeti.com\/index.php?rest_route=\/wp\/v2\/pages\/174"}],"collection":[{"href":"https:\/\/egmeti.com\/index.php?rest_route=\/wp\/v2\/pages"}],"about":[{"href":"https:\/\/egmeti.com\/index.php?rest_route=\/wp\/v2\/types\/page"}],"author":[{"embeddable":true,"href":"https:\/\/egmeti.com\/index.php?rest_route=\/wp\/v2\/users\/1"}],"replies":[{"embeddable":true,"href":"https:\/\/egmeti.com\/index.php?rest_route=%2Fwp%2Fv2%2Fcomments&post=174"}],"version-history":[{"count":4,"href":"https:\/\/egmeti.com\/index.php?rest_route=\/wp\/v2\/pages\/174\/revisions"}],"predecessor-version":[{"id":271,"href":"https:\/\/egmeti.com\/index.php?rest_route=\/wp\/v2\/pages\/174\/revisions\/271"}],"wp:attachment":[{"href":"https:\/\/egmeti.com\/index.php?rest_route=%2Fwp%2Fv2%2Fmedia&parent=174"}],"curies":[{"name":"wp","href":"https:\/\/api.w.org\/{rel}","templated":true}]}}