{"id":274,"date":"2021-05-31T12:00:33","date_gmt":"2021-05-31T10:00:33","guid":{"rendered":"http:\/\/egmeti.com\/?page_id=274"},"modified":"2024-10-23T16:12:32","modified_gmt":"2024-10-23T14:12:32","slug":"nos-collaborations","status":"publish","type":"page","link":"https:\/\/egmeti.com\/?page_id=274","title":{"rendered":"Nos collaborations"},"content":{"rendered":"\n<p class=\"has-text-align-center has-white-color has-luminous-vivid-orange-background-color has-text-color has-background\"><strong>Structures m\u00e9dicales et m\u00e9dico-sociales<\/strong><\/p>\n\n\n\n<p>H\u00f4pital Nord Ouest &#8211; Tr\u00e9voux (01)<\/p>\n\n\n\n<p>EHPAD Clairval &#8211; Reyrieux (01)<\/p>\n\n\n\n<p>H\u00f4pital Fr\u00e9d\u00e9ric Dugoujon &#8211; Hospices Civils de Lyon &#8211; Caluire-et-Cuire (69)<\/p>\n\n\n\n<p>H\u00f4pital Nord Ouest &#8211; Tarare (69)<\/p>\n\n\n\n<p>SSR Val Rosay &#8211; UGECAM &#8211; Saint-Didier au Mont d&rsquo;Or (69)<\/p>\n\n\n\n<p>H\u00f4pital Femme M\u00e8re Enfant &#8211; Hospices Civils de Lyon &#8211; Bron (69)<\/p>\n\n\n\n<p>Centre L\u00e9on B\u00e9rard &#8211; Lyon (69)<\/p>\n\n\n\n<p>ESEAN &#8211; APF France Handicap &#8211; Nantes (44)<\/p>\n\n\n\n<p>URASSM &#8211; CHU Nancy &#8211; Nancy (54)<\/p>\n\n\n\n<p>M\u00e9dip\u00f4le H\u00f4pital Mutualiste &#8211; MHM &#8211; Villeurbanne (69)<\/p>\n\n\n\n<p>EHPAD Fondation du Parmelan &#8211; Annecy (74)<\/p>\n\n\n\n<p>EHPAD Montbayard &#8211; Saint-Claude (39)<\/p>\n\n\n\n<p>EHPAD Bois Ballier La Ch\u00eaneraie &#8211; Saint-Quentin Fallavier (38)<\/p>\n\n\n\n<p>MAPHA ADAPEI Loire &#8211; Saint-Paul-en-Jarez (42)<\/p>\n\n\n\n<div style=\"height:40px\" aria-hidden=\"true\" class=\"wp-block-spacer\"><\/div>\n\n\n\n<p class=\"has-text-align-center has-white-color has-luminous-vivid-orange-background-color has-text-color has-background\"><strong>Associations<\/strong><\/p>\n\n\n\n<p>Association Soins Autonomie <\/p>\n\n\n\n<p>Fondation du Parmelan<\/p>\n\n\n\n<p>Association Facilit&rsquo;Age<\/p>\n\n\n\n<p>Ad\u00e9ona<\/p>\n\n\n\n<p>P\u00e9diaSant\u00e9<\/p>\n\n\n\n<p>CALECHE <\/p>\n\n\n\n<p>Association Philanthropique de Parents d&rsquo;Enfants atteints de Leuc\u00e9mie ou autres cancers <\/p>\n\n\n\n<p>ESPOIR CANCER <\/p>\n\n\n\n<p>Musigones <\/p>\n\n\n\n<p>Parenth\u00e8se et Compagnie<\/p>\n\n\n\n<p>Les Amis de Fr\u00e9d\u00e9ric Dugoujon<\/p>\n\n\n\n<p>Aide aux Familles d&rsquo;Enfants Handicap\u00e9s Moteurs<\/p>\n\n\n\n<div style=\"height:40px\" aria-hidden=\"true\" class=\"wp-block-spacer\"><\/div>\n\n\n\n<p class=\"has-text-align-center has-white-color has-luminous-vivid-orange-background-color has-text-color has-background\"><strong>Entreprises<\/strong><\/p>\n\n\n\n<p>DUBOURDON&amp;Cie Productions <\/p>\n\n\n\n<p>LC Consulting <\/p>\n\n\n\n<p>DC2i<\/p>\n\n\n\n<p>Rudigoz &amp; Associ\u00e9s<\/p>\n\n\n\n<p>COFEMA<\/p>\n\n\n\n<p>JLL<\/p>\n\n\n\n<p>HandigoPrint<\/p>\n","protected":false},"excerpt":{"rendered":"<p>Structures m\u00e9dicales et m\u00e9dico-sociales H\u00f4pital Nord Ouest &#8211; Tr\u00e9voux (01) EHPAD Clairval &#8211; Reyrieux (01) H\u00f4pital Fr\u00e9d\u00e9ric Dugoujon &#8211; Hospices Civils de Lyon &#8211; Caluire-et-Cuire (69) H\u00f4pital Nord Ouest &#8211; Tarare (69) SSR Val Rosay &#8211; UGECAM &#8211; Saint-Didier au Mont d&rsquo;Or (69) H\u00f4pital Femme M\u00e8re Enfant &#8211; Hospices Civils de Lyon &#8211; Bron (69) [&hellip;]<\/p>\n","protected":false},"author":1,"featured_media":0,"parent":0,"menu_order":0,"comment_status":"closed","ping_status":"closed","template":"","meta":{"footnotes":""},"class_list":["post-274","page","type-page","status-publish","hentry"],"_links":{"self":[{"href":"https:\/\/egmeti.com\/index.php?rest_route=\/wp\/v2\/pages\/274"}],"collection":[{"href":"https:\/\/egmeti.com\/index.php?rest_route=\/wp\/v2\/pages"}],"about":[{"href":"https:\/\/egmeti.com\/index.php?rest_route=\/wp\/v2\/types\/page"}],"author":[{"embeddable":true,"href":"https:\/\/egmeti.com\/index.php?rest_route=\/wp\/v2\/users\/1"}],"replies":[{"embeddable":true,"href":"https:\/\/egmeti.com\/index.php?rest_route=%2Fwp%2Fv2%2Fcomments&post=274"}],"version-history":[{"count":4,"href":"https:\/\/egmeti.com\/index.php?rest_route=\/wp\/v2\/pages\/274\/revisions"}],"predecessor-version":[{"id":285,"href":"https:\/\/egmeti.com\/index.php?rest_route=\/wp\/v2\/pages\/274\/revisions\/285"}],"wp:attachment":[{"href":"https:\/\/egmeti.com\/index.php?rest_route=%2Fwp%2Fv2%2Fmedia&parent=274"}],"curies":[{"name":"wp","href":"https:\/\/api.w.org\/{rel}","templated":true}]}}