{"id":286,"date":"2024-10-23T16:25:15","date_gmt":"2024-10-23T14:25:15","guid":{"rendered":"https:\/\/egmeti.com\/?page_id=286"},"modified":"2024-10-23T16:29:08","modified_gmt":"2024-10-23T14:29:08","slug":"mentions-legales","status":"publish","type":"page","link":"https:\/\/egmeti.com\/?page_id=286","title":{"rendered":"Mentions l\u00e9gales"},"content":{"rendered":"\n<p><strong>\u00c9G M\u00e9ti<\/strong><br>Si\u00e8ge social : 191 Rue Nicolas Chervin 69620 Val d&rsquo;Oingt<br>Siret : 83233125000023<br>RCS : Villefranche sur Saone-Tarare B 832 331 250<br>N\u00b0TVA Intracommunautaire : FR71832331250<\/p>\n\n\n\n<p>Site web h\u00e9berg\u00e9 par ovh.com, cr\u00e9\u00e9 sur wordpress.com. <br>Responsable de la publication : Soci\u00e9t\u00e9 \u00c9G M\u00e9ti, repr\u00e9sent\u00e9e par Thomas Zielinski &#8211; thomas.zielinski@egmeti.com &#8211; 0629563889.<\/p>\n\n\n\n<p><strong>Clause de Protection des Donn\u00e9es Personnelles (RGPD)<\/strong><\/p>\n\n\n\n<p>Dans le cadre de ses activit\u00e9s, \u00c9G M\u00e9ti, SARL, s\u2019engage \u00e0 respecter la vie priv\u00e9e de ses clients et des utilisateurs de ses services. Conform\u00e9ment au R\u00e8glement G\u00e9n\u00e9ral sur la Protection des Donn\u00e9es (RGPD) en vigueur depuis le 25 mai 2018, nous mettons tout en \u0153uvre pour prot\u00e9ger les donn\u00e9es personnelles collect\u00e9es et garantir leur confidentialit\u00e9.<\/p>\n\n\n\n<p><strong>1. Responsable du traitement des donn\u00e9es<\/strong><\/p>\n\n\n\n<p>Le responsable du traitement des donn\u00e9es est \u00c9G M\u00e9ti, situ\u00e9e au&nbsp;191 Rue Nicolas Chervin 69620 Val d&rsquo;Oingt, FRANCE, repr\u00e9sent\u00e9e par son g\u00e9rant Thomas ZIELINSKI.<\/p>\n\n\n\n<p><strong>2. Finalit\u00e9 de la collecte des donn\u00e9es<\/strong><\/p>\n\n\n\n<p>Les donn\u00e9es personnelles collect\u00e9es sont utilis\u00e9es dans le cadre de la gestion des clients et des utilisateurs de ses services, des activit\u00e9s de la soci\u00e9t\u00e9 et de la communication des informations li\u00e9es \u00e0 ces activit\u00e9s. Cela inclut, notamment :<\/p>\n\n\n\n<ul class=\"wp-block-list\">\n<li>La gestion des contacts ;<\/li>\n\n\n\n<li>L\u2019organisation des \u00e9v\u00e9nements li\u00e9s \u00e0 son activit\u00e9 ;<\/li>\n\n\n\n<li>L\u2019envoi d\u2019informations sur les activit\u00e9s de l&rsquo;entreprise (newsletters, invitations, etc.)&nbsp;;<\/li>\n\n\n\n<li>Le respect des obligations l\u00e9gales.<\/li>\n<\/ul>\n\n\n\n<p><strong>3. Nature des donn\u00e9es collect\u00e9es<\/strong><\/p>\n\n\n\n<p>Les donn\u00e9es personnelles que nous collectons incluent, sans s\u2019y limiter :<\/p>\n\n\n\n<ul class=\"wp-block-list\">\n<li>Nom, pr\u00e9nom, adresse \u00e9lectronique, adresse postale, num\u00e9ro de t\u00e9l\u00e9phone ;<\/li>\n\n\n\n<li>Profession (le cas \u00e9ch\u00e9ant) ;<\/li>\n\n\n\n<li>Toute autre information pertinente pour la gestion des activit\u00e9s de l\u2019entreprise.<\/li>\n<\/ul>\n\n\n\n<p><strong>4. Destinataires des donn\u00e9es<\/strong><\/p>\n\n\n\n<p>Les donn\u00e9es collect\u00e9es sont exclusivement destin\u00e9es aux membres de la soci\u00e9t\u00e9 et aux personnes autoris\u00e9es \u00e0 g\u00e9rer les activit\u00e9s de celle-ci. Elles ne sont en aucun cas c\u00e9d\u00e9es ou vendues \u00e0 des tiers sans le consentement explicite des personnes concern\u00e9es.<\/p>\n\n\n\n<p><strong>5. Dur\u00e9e de conservation des donn\u00e9es<\/strong><\/p>\n\n\n\n<p>Les donn\u00e9es personnelles sont conserv\u00e9es pour une dur\u00e9e ne d\u00e9passant pas celle n\u00e9cessaire aux finalit\u00e9s pour lesquelles elles sont trait\u00e9es, sauf disposition l\u00e9gale contraire. En r\u00e8gle g\u00e9n\u00e9rale, les donn\u00e9es sont conserv\u00e9es pour la dur\u00e9e de 5 ans, sauf demande expresse de suppression.<\/p>\n\n\n\n<p><strong>6. Droits des personnes concern\u00e9es<\/strong><\/p>\n\n\n\n<p>Conform\u00e9ment au RGPD, chaque client dispose des droits suivants :<\/p>\n\n\n\n<ul class=\"wp-block-list\">\n<li>Droit d\u2019acc\u00e8s&nbsp;: obtenir des informations sur les traitements de ses donn\u00e9es ;<\/li>\n\n\n\n<li>Droit de rectification&nbsp;: demander la modification des donn\u00e9es inexactes ou incompl\u00e8tes ;<\/li>\n\n\n\n<li>Droit \u00e0 l\u2019effacement&nbsp;: demander la suppression de ses donn\u00e9es sous certaines conditions ;<\/li>\n\n\n\n<li>Droit \u00e0 la limitation du traitement&nbsp;: restreindre l\u2019utilisation des donn\u00e9es dans certains cas ;<\/li>\n\n\n\n<li>Droit \u00e0 la portabilit\u00e9 des donn\u00e9es&nbsp;: recevoir ses donn\u00e9es personnelles dans un format structur\u00e9 et couramment utilis\u00e9 ;<\/li>\n\n\n\n<li>Droit d\u2019opposition&nbsp;: s\u2019opposer, pour des raisons l\u00e9gitimes, au traitement de ses donn\u00e9es.<\/li>\n<\/ul>\n\n\n\n<p>Pour exercer ces droits, il suffit d\u2019envoyer un courrier \u00e9lectronique \u00e0 thomas.zielinski@egmeti.com&nbsp;ou un courrier postal \u00e0 l\u2019adresse suivante 191 Rue Nicolas Chervin 69620 Val d&rsquo;Oingt.<\/p>\n\n\n\n<p><strong>7. S\u00e9curit\u00e9 des donn\u00e9es<\/strong><\/p>\n\n\n\n<p>\u00c9G M\u00e9ti&nbsp;s\u2019engage \u00e0 mettre en \u0153uvre toutes les mesures techniques et organisationnelles appropri\u00e9es pour garantir la s\u00e9curit\u00e9 des donn\u00e9es personnelles collect\u00e9es et pr\u00e9venir leur alt\u00e9ration, perte, ou acc\u00e8s non autoris\u00e9.<\/p>\n\n\n\n<p><strong>8. R\u00e9clamation aupr\u00e8s de l\u2019autorit\u00e9 de contr\u00f4le<\/strong><\/p>\n\n\n\n<p>Si vous estimez que le traitement de vos donn\u00e9es personnelles constitue une violation du RGPD, vous pouvez introduire une r\u00e9clamation aupr\u00e8s de la Commission Nationale de l\u2019Informatique et des Libert\u00e9s (CNIL).<\/p>\n\n\n\n<p>Mis \u00e0 jour le 23 octobre 2024.<\/p>\n","protected":false},"excerpt":{"rendered":"<p>\u00c9G M\u00e9tiSi\u00e8ge social : 191 Rue Nicolas Chervin 69620 Val d&rsquo;OingtSiret : 83233125000023RCS : Villefranche sur Saone-Tarare B 832 331 250N\u00b0TVA Intracommunautaire : FR71832331250 Site web h\u00e9berg\u00e9 par ovh.com, cr\u00e9\u00e9 sur wordpress.com. Responsable de la publication : Soci\u00e9t\u00e9 \u00c9G M\u00e9ti, repr\u00e9sent\u00e9e par Thomas Zielinski &#8211; thomas.zielinski@egmeti.com &#8211; 0629563889. Clause de Protection des Donn\u00e9es Personnelles (RGPD) [&hellip;]<\/p>\n","protected":false},"author":1,"featured_media":0,"parent":0,"menu_order":0,"comment_status":"closed","ping_status":"closed","template":"","meta":{"footnotes":""},"class_list":["post-286","page","type-page","status-publish","hentry"],"_links":{"self":[{"href":"https:\/\/egmeti.com\/index.php?rest_route=\/wp\/v2\/pages\/286"}],"collection":[{"href":"https:\/\/egmeti.com\/index.php?rest_route=\/wp\/v2\/pages"}],"about":[{"href":"https:\/\/egmeti.com\/index.php?rest_route=\/wp\/v2\/types\/page"}],"author":[{"embeddable":true,"href":"https:\/\/egmeti.com\/index.php?rest_route=\/wp\/v2\/users\/1"}],"replies":[{"embeddable":true,"href":"https:\/\/egmeti.com\/index.php?rest_route=%2Fwp%2Fv2%2Fcomments&post=286"}],"version-history":[{"count":2,"href":"https:\/\/egmeti.com\/index.php?rest_route=\/wp\/v2\/pages\/286\/revisions"}],"predecessor-version":[{"id":291,"href":"https:\/\/egmeti.com\/index.php?rest_route=\/wp\/v2\/pages\/286\/revisions\/291"}],"wp:attachment":[{"href":"https:\/\/egmeti.com\/index.php?rest_route=%2Fwp%2Fv2%2Fmedia&parent=286"}],"curies":[{"name":"wp","href":"https:\/\/api.w.org\/{rel}","templated":true}]}}